{"id":1338,"date":"2023-06-15T09:55:59","date_gmt":"2023-06-15T09:55:59","guid":{"rendered":"https:\/\/ugama.live-website.com\/?page_id=1338"},"modified":"2023-06-15T11:29:51","modified_gmt":"2023-06-15T11:29:51","slug":"aviso-legal","status":"publish","type":"page","link":"https:\/\/www.ugama.es\/en\/aviso-legal","title":{"rendered":"Aviso Legal"},"content":{"rendered":"<div data-elementor-type=\"wp-page\" data-elementor-id=\"1338\" class=\"elementor elementor-1338\">\n\t\t\t\t\t\t\t\t\t<section class=\"elementor-section elementor-top-section elementor-element elementor-element-7123be3 elementor-section-boxed elementor-section-height-default elementor-section-height-default\" data-id=\"7123be3\" data-element_type=\"section\">\n\t\t\t\t\t\t<div class=\"elementor-container elementor-column-gap-default\">\n\t\t\t\t\t<div class=\"elementor-column elementor-col-100 elementor-top-column elementor-element elementor-element-1bb89cd\" data-id=\"1bb89cd\" data-element_type=\"column\">\n\t\t\t<div class=\"elementor-widget-wrap elementor-element-populated\">\n\t\t\t\t\t\t\t\t<div class=\"elementor-element elementor-element-1d9678c elementor-widget elementor-widget-text-editor\" data-id=\"1d9678c\" data-element_type=\"widget\" data-widget_type=\"text-editor.default\">\n\t\t\t\t<div class=\"elementor-widget-container\">\n\t\t\t<style>\/*! elementor - v3.12.1 - 02-04-2023 *\/\n.elementor-widget-text-editor.elementor-drop-cap-view-stacked .elementor-drop-cap{background-color:#69727d;color:#fff}.elementor-widget-text-editor.elementor-drop-cap-view-framed .elementor-drop-cap{color:#69727d;border:3px solid;background-color:transparent}.elementor-widget-text-editor:not(.elementor-drop-cap-view-default) .elementor-drop-cap{margin-top:8px}.elementor-widget-text-editor:not(.elementor-drop-cap-view-default) .elementor-drop-cap-letter{width:1em;height:1em}.elementor-widget-text-editor .elementor-drop-cap{float:left;text-align:center;line-height:1;font-size:50px}.elementor-widget-text-editor .elementor-drop-cap-letter{display:inline-block}<\/style>\t\t\t\t<h1>Propiedad industrial e intelectual<\/h1><p>Todos los derechos de Propiedad Intelectual, esto es, comunicaci\u00f3n p\u00fablica, reproducci\u00f3n, transformaci\u00f3n y distribuci\u00f3n, as\u00ed como los derechos de Propiedad industrial sobre marcas y signos distintivos contenidos en la Web, son titularidad de Ugama.<\/p><p>Los derechos de Propiedad Intelectual e Industrial y derechos de explotaci\u00f3n y reproducci\u00f3n de esta Web, de sus p\u00e1ginas, pantallas, la informaci\u00f3n que contienen, su look&amp;feel, estructura y dise\u00f1o, c\u00f3digo fuente y archivos de audio son titularidad de Ugama. Todas las denominaciones, dise\u00f1os y\/o logotipos que componen esta p\u00e1gina son marcas debidamente registradas. Cualquier uso indebido de las mismas por persona diferente de su leg\u00edtimo titular podr\u00e1 ser perseguido de conformidad con la legislaci\u00f3n vigente. Queda prohibido reproducir, comunicar p\u00fablicamente, distribuir, ceder o transmitir, modificar o suprimir la informaci\u00f3n, contenido u advertencias de esta Web sin la previa autorizaci\u00f3n escrita de Ugama.<\/p><h4>Enlaces<\/h4><p>En el caso de que en la Web se dispusiese de enlaces o hiperv\u00ednculos hac\u00eda otros sitios de Internet (sitios de terceros) Ugama no ejercer\u00e1 ning\u00fan tipo de control sobre dichos sitios y contenidos. En ning\u00fan caso Ugama asumir\u00e1 responsabilidad alguna por los contenidos de alg\u00fan enlace perteneciente a un sitio web ajeno, ni garantizar\u00e1 la disponibilidad t\u00e9cnica, calidad, fiabilidad, exactitud, amplitud, veracidad, validez y constitucionalidad de cualquier material o informaci\u00f3n contenida en ninguno de dichos hiperv\u00ednculos u otros sitios de Internet.<\/p><p>Igualmente, la inclusi\u00f3n de estas conexiones externas no implicar\u00e1 ning\u00fan tipo de asociaci\u00f3n, fusi\u00f3n o participaci\u00f3n con las entidades conectadas.<\/p><h4>Uso de direcciones ip y cookies<\/h4><p>La navegaci\u00f3n de un usuario en esta p\u00e1gina web, al igual que en cualquier otro sitio web, deja como rastro la direcci\u00f3n IP que en esa sesi\u00f3n le ha sido asignada por su proveedor de acceso a Internet. El registro de dicha direcci\u00f3n IP sirve para fines exclusivamente internos, como son las estad\u00edsticas de acceso a la web.<\/p><p>Ugama puede utilizar cookies cuando un usuario navega en esta p\u00e1gina web. Las cookies que se puedan utilizar se asocian \u00fanicamente con el navegador de un ordenador determinado (un usuario an\u00f3nimo) y no proporcionan por s\u00ed mismas ning\u00fan dato personal del usuario. Gracias a las cookies, puede resultar posible que Ugama reconozca los navegadores de los usuarios despu\u00e9s de que \u00e9stos hayan accedido y ofrezca informaci\u00f3n espec\u00edfica derivada de visitas anteriores.<\/p><p>En cualquier caso, las cookies sirven para fines exclusivamente internos, como son las estad\u00edsticas de acceso a la web, el n\u00famero de p\u00e1ginas visitadas, el n\u00famero de visitas, as\u00ed como la actividad de los visitantes del Portal, y su frecuencia de utilizaci\u00f3n. Las cookies utilizadas no pueden leer los archivos cookie creados por otros proveedores o sitios web.<\/p><p>El usuario tiene la posibilidad de configurar su navegador para ser avisado en pantalla de la recepci\u00f3n de cookies y para impedir la instalaci\u00f3n de cookies en su disco duro. Debe consultar las instrucciones y manuales de su navegador para ampliar esta informaci\u00f3n.<\/p><h4>Exclusi\u00f3n de garant\u00edas y responsabilidad<\/h4><p>En ning\u00fan caso, Ugama ser\u00e1 responsable de perjuicio alguno, p\u00e9rdidas, reclamaciones o gastos de ning\u00fan tipo, tanto si proceden como si no del uso la Web, de la Informaci\u00f3n adquirida o accedida por o a trav\u00e9s de \u00e9sta, de virus inform\u00e1ticos, de fallos operativos o de interrupciones en el servicio o transmisi\u00f3n, o fallos en la l\u00ednea; el uso de la Web, tanto por conexi\u00f3n directa como por v\u00ednculo u otro medio, constituye un aviso a cualquier usuario de que estas posibilidades pueden ocurrir.<\/p><h4>Modificaciones<\/h4><p>Ugama se reserva el derecho de efectuar sin previo aviso las modificaciones que considere oportunas en su portal, pudiendo cambiar, suprimir o a\u00f1adir tanto los contenidos y servicios que se presten a trav\u00e9s de la misma como la forma en la que \u00e9stos aparezcan presentados o localizados en su portal.<\/p><h4>Derecho de exclusi\u00f3n<\/h4><p>Ugama se reserva el derecho a denegar o retirar el acceso a portal y\/o los servicios ofrecidos sin necesidad de preaviso, a instancia propia o de un tercero, a aquellos usuarios que incumplan las presentes Condiciones Generales de Uso.<\/p><h4>Legislaci\u00f3n aplicable y jurisdicci\u00f3n<\/h4><p>La relaci\u00f3n entre Ugama y el Usuario se regir\u00e1 por la normativa espa\u00f1ola vigente y cualquier controversia se someter\u00e1 a los Juzgados y tribunales de la ciudad de Madrid capital.<\/p>\t\t\t\t\t\t<\/div>\n\t\t\t\t<\/div>\n\t\t\t\t\t<\/div>\n\t\t<\/div>\n\t\t\t\t\t\t\t<\/div>\n\t\t<\/section>\n\t\t\t\t\t\t\t<\/div>","protected":false},"excerpt":{"rendered":"<p>Propiedad industrial e intelectual Todos los derechos de Propiedad Intelectual, esto es, comunicaci\u00f3n p\u00fablica, reproducci\u00f3n, transformaci\u00f3n y distribuci\u00f3n, as\u00ed como los derechos de Propiedad industrial sobre marcas y signos distintivos contenidos en la Web, son titularidad de Ugama. Los derechos<\/p>","protected":false},"author":1,"featured_media":0,"parent":0,"menu_order":0,"comment_status":"closed","ping_status":"closed","template":"page-templates\/page-builder.php","meta":{"footnotes":""},"class_list":["post-1338","page","type-page","status-publish","hentry"],"yoast_head":"<!-- This site is optimized with the Yoast SEO plugin v20.8 - https:\/\/yoast.com\/wordpress\/plugins\/seo\/ -->\n<title>Aviso Legal - Uni\u00f3n de Ganaderos, Agricultores y Silvicultores de la Comunidad de Madrid<\/title>\n<meta name=\"robots\" content=\"noindex, follow, max-snippet:-1, max-image-preview:large, max-video-preview:-1\" \/>\n<meta property=\"og:locale\" content=\"en_GB\" \/>\n<meta property=\"og:type\" content=\"article\" \/>\n<meta property=\"og:title\" content=\"Aviso Legal - Uni\u00f3n de Ganaderos, Agricultores y Silvicultores de la Comunidad de Madrid\" \/>\n<meta property=\"og:description\" content=\"Propiedad industrial e intelectual Todos los derechos de Propiedad Intelectual, esto es, comunicaci\u00f3n p\u00fablica, reproducci\u00f3n, transformaci\u00f3n y distribuci\u00f3n, as\u00ed como los derechos de Propiedad industrial sobre marcas y signos distintivos contenidos en la Web, son titularidad de Ugama. Los derechos\" \/>\n<meta property=\"og:url\" content=\"https:\/\/www.ugama.es\/en\/aviso-legal\/\" \/>\n<meta property=\"og:site_name\" content=\"Uni\u00f3n de Ganaderos, Agricultores y Silvicultores de la Comunidad de Madrid\" \/>\n<meta property=\"article:publisher\" content=\"https:\/\/www.facebook.com\/ugama\/?locale=es_ES\" \/>\n<meta property=\"article:modified_time\" content=\"2023-06-15T11:29:51+00:00\" \/>\n<meta name=\"twitter:card\" content=\"summary_large_image\" \/>\n<meta name=\"twitter:site\" content=\"@UGAMA\" \/>\n<meta name=\"twitter:label1\" content=\"Estimated reading time\" \/>\n\t<meta name=\"twitter:data1\" content=\"4 minutes\" \/>\n<script type=\"application\/ld+json\" class=\"yoast-schema-graph\">{\"@context\":\"https:\/\/schema.org\",\"@graph\":[{\"@type\":\"WebPage\",\"@id\":\"https:\/\/www.ugama.es\/aviso-legal\",\"url\":\"https:\/\/www.ugama.es\/aviso-legal\",\"name\":\"Aviso Legal - Uni\u00f3n de Ganaderos, Agricultores y Silvicultores de la Comunidad de Madrid\",\"isPartOf\":{\"@id\":\"https:\/\/www.ugama.es\/#website\"},\"datePublished\":\"2023-06-15T09:55:59+00:00\",\"dateModified\":\"2023-06-15T11:29:51+00:00\",\"breadcrumb\":{\"@id\":\"https:\/\/www.ugama.es\/aviso-legal#breadcrumb\"},\"inLanguage\":\"en-GB\",\"potentialAction\":[{\"@type\":\"ReadAction\",\"target\":[\"https:\/\/www.ugama.es\/aviso-legal\"]}]},{\"@type\":\"BreadcrumbList\",\"@id\":\"https:\/\/www.ugama.es\/aviso-legal#breadcrumb\",\"itemListElement\":[{\"@type\":\"ListItem\",\"position\":1,\"name\":\"Portada\",\"item\":\"https:\/\/www.ugama.es\/\"},{\"@type\":\"ListItem\",\"position\":2,\"name\":\"Aviso Legal\"}]},{\"@type\":\"WebSite\",\"@id\":\"https:\/\/www.ugama.es\/#website\",\"url\":\"https:\/\/www.ugama.es\/\",\"name\":\"Uni\u00f3n de Ganaderos, Agricultores y Silvicultores de la Comunidad de Madrid\",\"description\":\"Uni\u00f3n de Ganaderos y Agricultores de Madrid\",\"publisher\":{\"@id\":\"https:\/\/www.ugama.es\/#organization\"},\"potentialAction\":[{\"@type\":\"SearchAction\",\"target\":{\"@type\":\"EntryPoint\",\"urlTemplate\":\"https:\/\/www.ugama.es\/?s={search_term_string}\"},\"query-input\":\"required name=search_term_string\"}],\"inLanguage\":\"en-GB\"},{\"@type\":\"Organization\",\"@id\":\"https:\/\/www.ugama.es\/#organization\",\"name\":\"Uni\u00f3n de Ganaderos, Agricultores y Silvicultores de la Comunidad de Madrid\",\"url\":\"https:\/\/www.ugama.es\/\",\"logo\":{\"@type\":\"ImageObject\",\"inLanguage\":\"en-GB\",\"@id\":\"https:\/\/www.ugama.es\/#\/schema\/logo\/image\/\",\"url\":\"https:\/\/www.ugama.es\/wp-content\/uploads\/2023\/04\/cropped-logo-ugama-1.jpeg\",\"contentUrl\":\"https:\/\/www.ugama.es\/wp-content\/uploads\/2023\/04\/cropped-logo-ugama-1.jpeg\",\"width\":215,\"height\":215,\"caption\":\"Uni\u00f3n de Ganaderos, Agricultores y Silvicultores de la Comunidad de Madrid\"},\"image\":{\"@id\":\"https:\/\/www.ugama.es\/#\/schema\/logo\/image\/\"},\"sameAs\":[\"https:\/\/www.facebook.com\/ugama\/?locale=es_ES\",\"https:\/\/twitter.com\/UGAMA\",\"https:\/\/www.youtube.com\/channel\/UCJ-79zaoyHLpEJq2qoRgrow\"]}]}<\/script>\n<!-- \/ Yoast SEO plugin. -->","yoast_head_json":{"title":"Aviso Legal - Uni\u00f3n de Ganaderos, Agricultores y Silvicultores de la Comunidad de Madrid","robots":{"index":"noindex","follow":"follow","max-snippet":"max-snippet:-1","max-image-preview":"max-image-preview:large","max-video-preview":"max-video-preview:-1"},"og_locale":"en_GB","og_type":"article","og_title":"Aviso Legal - Uni\u00f3n de Ganaderos, Agricultores y Silvicultores de la Comunidad de Madrid","og_description":"Propiedad industrial e intelectual Todos los derechos de Propiedad Intelectual, esto es, comunicaci\u00f3n p\u00fablica, reproducci\u00f3n, transformaci\u00f3n y distribuci\u00f3n, as\u00ed como los derechos de Propiedad industrial sobre marcas y signos distintivos contenidos en la Web, son titularidad de Ugama. Los derechos","og_url":"https:\/\/www.ugama.es\/en\/aviso-legal\/","og_site_name":"Uni\u00f3n de Ganaderos, Agricultores y Silvicultores de la Comunidad de Madrid","article_publisher":"https:\/\/www.facebook.com\/ugama\/?locale=es_ES","article_modified_time":"2023-06-15T11:29:51+00:00","twitter_card":"summary_large_image","twitter_site":"@UGAMA","twitter_misc":{"Estimated reading time":"4 minutes"},"schema":{"@context":"https:\/\/schema.org","@graph":[{"@type":"WebPage","@id":"https:\/\/www.ugama.es\/aviso-legal","url":"https:\/\/www.ugama.es\/aviso-legal","name":"Aviso Legal - Uni\u00f3n de Ganaderos, Agricultores y Silvicultores de la Comunidad de Madrid","isPartOf":{"@id":"https:\/\/www.ugama.es\/#website"},"datePublished":"2023-06-15T09:55:59+00:00","dateModified":"2023-06-15T11:29:51+00:00","breadcrumb":{"@id":"https:\/\/www.ugama.es\/aviso-legal#breadcrumb"},"inLanguage":"en-GB","potentialAction":[{"@type":"ReadAction","target":["https:\/\/www.ugama.es\/aviso-legal"]}]},{"@type":"BreadcrumbList","@id":"https:\/\/www.ugama.es\/aviso-legal#breadcrumb","itemListElement":[{"@type":"ListItem","position":1,"name":"Portada","item":"https:\/\/www.ugama.es\/"},{"@type":"ListItem","position":2,"name":"Aviso Legal"}]},{"@type":"WebSite","@id":"https:\/\/www.ugama.es\/#website","url":"https:\/\/www.ugama.es\/","name":"Uni\u00f3n de Ganaderos, Agricultores y Silvicultores de la Comunidad de Madrid","description":"Uni\u00f3n de Ganaderos y Agricultores de Madrid","publisher":{"@id":"https:\/\/www.ugama.es\/#organization"},"potentialAction":[{"@type":"SearchAction","target":{"@type":"EntryPoint","urlTemplate":"https:\/\/www.ugama.es\/?s={search_term_string}"},"query-input":"required name=search_term_string"}],"inLanguage":"en-GB"},{"@type":"Organization","@id":"https:\/\/www.ugama.es\/#organization","name":"Uni\u00f3n de Ganaderos, Agricultores y Silvicultores de la Comunidad de Madrid","url":"https:\/\/www.ugama.es\/","logo":{"@type":"ImageObject","inLanguage":"en-GB","@id":"https:\/\/www.ugama.es\/#\/schema\/logo\/image\/","url":"https:\/\/www.ugama.es\/wp-content\/uploads\/2023\/04\/cropped-logo-ugama-1.jpeg","contentUrl":"https:\/\/www.ugama.es\/wp-content\/uploads\/2023\/04\/cropped-logo-ugama-1.jpeg","width":215,"height":215,"caption":"Uni\u00f3n de Ganaderos, Agricultores y Silvicultores de la Comunidad de Madrid"},"image":{"@id":"https:\/\/www.ugama.es\/#\/schema\/logo\/image\/"},"sameAs":["https:\/\/www.facebook.com\/ugama\/?locale=es_ES","https:\/\/twitter.com\/UGAMA","https:\/\/www.youtube.com\/channel\/UCJ-79zaoyHLpEJq2qoRgrow"]}]}},"_links":{"self":[{"href":"https:\/\/www.ugama.es\/en\/wp-json\/wp\/v2\/pages\/1338","targetHints":{"allow":["GET"]}}],"collection":[{"href":"https:\/\/www.ugama.es\/en\/wp-json\/wp\/v2\/pages"}],"about":[{"href":"https:\/\/www.ugama.es\/en\/wp-json\/wp\/v2\/types\/page"}],"author":[{"embeddable":true,"href":"https:\/\/www.ugama.es\/en\/wp-json\/wp\/v2\/users\/1"}],"replies":[{"embeddable":true,"href":"https:\/\/www.ugama.es\/en\/wp-json\/wp\/v2\/comments?post=1338"}],"version-history":[{"count":5,"href":"https:\/\/www.ugama.es\/en\/wp-json\/wp\/v2\/pages\/1338\/revisions"}],"predecessor-version":[{"id":1573,"href":"https:\/\/www.ugama.es\/en\/wp-json\/wp\/v2\/pages\/1338\/revisions\/1573"}],"wp:attachment":[{"href":"https:\/\/www.ugama.es\/en\/wp-json\/wp\/v2\/media?parent=1338"}],"curies":[{"name":"wp","href":"https:\/\/api.w.org\/{rel}","templated":true}]}}